{"id":535,"date":"2020-08-25T14:18:23","date_gmt":"2020-08-25T14:18:23","guid":{"rendered":"https:\/\/units.fisheries.org\/ifs\/?page_id=535"},"modified":"2022-11-15T20:25:02","modified_gmt":"2022-11-15T20:25:02","slug":"el-premio-de-membresia-de-paises-de-bajo-y-mediano-ingreso-lmic","status":"publish","type":"page","link":"https:\/\/oldunitsstaging.fisheries.org\/ifs\/ifs-awards\/el-premio-de-membresia-de-paises-de-bajo-y-mediano-ingreso-lmic\/","title":{"rendered":"El premio de membres\u00eda de pa\u00edses de bajo y mediano ingreso (LMIC)"},"content":{"rendered":"<p><i><span style=\"font-weight: 400\">La Secci\u00f3n Internacional de Pesquer\u00eda (IFS por sus signos en ingl\u00e9s) de la Sociedad Americana de Pesquer\u00eda (AFS) se place en coordinar la distribuci\u00f3n de premios de membres\u00eda para pa\u00edses de bajo y mediano ingreso \u00a1Las mismas est\u00e1n disponibles <\/span><\/i><span style=\"font-weight: 400\">gracias a las generosas donaciones de los (as) miembros de AFS!<\/span><\/p>\n<p><b>Objetivo<\/b><span style=\"font-weight: 400\">: El premio de membres\u00eda de pa\u00edses de bajo y mediano ingreso (LMIC) apoya los objetivos de la IFS en asistir a las comunidades internacionales con oportunidades de interconexi\u00f3n (\u201cnetworking\u201d), conferencias y proveer el intercambio de informaci\u00f3n y asistencia t\u00e9cnica entre trabajadores (as) en la pesquer\u00eda.<\/span><span style=\"font-weight: 400\"> <a href=\"https:\/\/fisheries.org\/membership\/\" target=\"_blank\" rel=\"noopener noreferrer\" data-saferedirecturl=\"https:\/\/www.google.com\/url?q=https:\/\/fisheries.org\/membership\/&amp;source=gmail&amp;ust=1601472196551000&amp;usg=AFQjCNGkytRtPCEK8qxuBRfby0PnRyifmA\">Esto es lo que ofrece su membres\u00eda<\/a>.<\/span><\/p>\n<p><b>Elegibilidad<\/b><span style=\"font-weight: 400\">: Todo individuo que resida en un pa\u00eds que no se encuentre en la lista del <\/span><a href=\"https:\/\/datahelpdesk.worldbank.org\/knowledgebase\/articles\/906519-world-bank-country-and-lending-groups\"><span style=\"font-weight: 400\">Banco Mundial de Econom\u00edas de Alto Ingreso<\/span><\/a><span style=\"font-weight: 400\"> y desee unirse a la Secci\u00f3n Internacional de Pesquer\u00edas de AFS. Cada individuo puede <\/span><b>recibir este premio en m\u00e1ximo de DOS ocasiones.<\/b><\/p>\n<p><b>Aplicaci\u00f3n<\/b><span style=\"font-weight: 400\">: Debe completar el <\/span><a href=\"https:\/\/docs.google.com\/forms\/d\/e\/1FAIpQLSduSc1uUB_aWxFcFVvbUjXmrkPOys_IOvrHbGytFLbo2dxzxQ\/viewform?usp=sf_link\"><span style=\"font-weight: 400\">formulario de aplicaci\u00f3n<\/span><\/a> <b>en o antes del 30 de noviembre<\/b><span style=\"font-weight: 400\">. Su aplicaci\u00f3n no estar\u00e1 completa hasta que provea la informaci\u00f3n requerida y adjunte su CV\/Resume.<\/span><\/p>\n<p><b>Criterios de selecci\u00f3n<\/b><span style=\"font-weight: 400\">: Las aplicaciones ser\u00e1n evaluadas por el Comit\u00e9 Ejecutivo de la LMIC. Los (as) beneficiarios (as) de este premio ser\u00e1n seleccionados (as) de manera competitiva. La justificaci\u00f3n de c\u00f3mo esta membres\u00eda ser\u00e1 de beneficio profesional para cada individuo en conjunto con los CV\/Resumes ser\u00e1n clave para ser considerados (as). En cualquier a\u00f1o dado, la IFS puede optar por no otorgar las membres\u00edas LMIC.<\/span><\/p>\n<p><b>Notificaci\u00f3n<\/b><span style=\"font-weight: 400\">: Los (as) solicitantes del premio de membres\u00eda LMIC que sometan su aplicaci\u00f3n en o antes del 15 de noviembre se les notificar\u00e1 mediante un correo electr\u00f3nico si fueron elegidos (as) para el premio a finales de este a\u00f1o. Otros (as) solicitantes recibir\u00e1n una respuesta de manera continua. Los premios de membres\u00eda LMIC ser\u00e1n anunciados por el Presidente de la Secci\u00f3n de IFS en la Reuni\u00f3n Anual de Negocios.<\/span><\/p>\n<p><b>Donaciones<\/b><span style=\"font-weight: 400\">: \u00a1Por favor, considere apoyar a un (a) profesional de ciencia pesquera con su generosa donaci\u00f3n! Todos los miembros de AFS tienen la oportunidad de contribuir a este premio durante el proceso de renovaci\u00f3n de su membres\u00eda anual. Tome en cuenta que la opci\u00f3n para donar a este premio no aparece en la misma p\u00e1gina que todos los art\u00edculos renovables, por lo que debe ser seleccionado utilizando la <\/span><a href=\"https:\/\/secure.fisheries.org\/MemberResponsive\/Membership_Applications\/WF\/Form_WFZ_AFS_Join_Donate.aspx\"><span style=\"font-weight: 400\">opci\u00f3n de donaciones<\/span><\/a><span style=\"font-weight: 400\"> en el antepen\u00faltimo paso del proceso de renovaci\u00f3n anual. Para ayudar a financiar este premio, por favor contribuya al \u2018<\/span><b>Support of Low &amp; Middle Income Dues\u2019<\/b><span style=\"font-weight: 400\">.<\/span><\/p>\n<p><span style=\"font-weight: 400\">\u00a1Gracias por su apoyo!<\/span><\/p>\n","protected":false},"excerpt":{"rendered":"<p>La Secci\u00f3n Internacional de Pesquer\u00eda (IFS por sus signos en ingl\u00e9s) de la Sociedad Americana de Pesquer\u00eda (AFS) se place en coordinar la distribuci\u00f3n de premios de membres\u00eda para pa\u00edses de bajo y mediano ingreso \u00a1Las mismas est\u00e1n disponibles gracias a las generosas donaciones de los (as) miembros de AFS! Objetivo: El premio de membres\u00eda [&hellip;]<\/p>\n","protected":false},"author":99,"featured_media":0,"parent":135,"menu_order":0,"comment_status":"closed","ping_status":"closed","template":"","meta":{"_acf_changed":false,"footnotes":""},"class_list":["post-535","page","type-page","status-publish","hentry","odd","first-child","last-child"],"acf":[],"_links":{"self":[{"href":"https:\/\/oldunitsstaging.fisheries.org\/ifs\/wp-json\/wp\/v2\/pages\/535","targetHints":{"allow":["GET"]}}],"collection":[{"href":"https:\/\/oldunitsstaging.fisheries.org\/ifs\/wp-json\/wp\/v2\/pages"}],"about":[{"href":"https:\/\/oldunitsstaging.fisheries.org\/ifs\/wp-json\/wp\/v2\/types\/page"}],"author":[{"embeddable":true,"href":"https:\/\/oldunitsstaging.fisheries.org\/ifs\/wp-json\/wp\/v2\/users\/99"}],"replies":[{"embeddable":true,"href":"https:\/\/oldunitsstaging.fisheries.org\/ifs\/wp-json\/wp\/v2\/comments?post=535"}],"version-history":[{"count":0,"href":"https:\/\/oldunitsstaging.fisheries.org\/ifs\/wp-json\/wp\/v2\/pages\/535\/revisions"}],"up":[{"embeddable":true,"href":"https:\/\/oldunitsstaging.fisheries.org\/ifs\/wp-json\/wp\/v2\/pages\/135"}],"wp:attachment":[{"href":"https:\/\/oldunitsstaging.fisheries.org\/ifs\/wp-json\/wp\/v2\/media?parent=535"}],"curies":[{"name":"wp","href":"https:\/\/api.w.org\/{rel}","templated":true}]}}